{"id":429,"date":"2019-05-23T00:34:26","date_gmt":"2019-05-22T22:34:26","guid":{"rendered":"https:\/\/www.chakra-kissen.de\/cms\/?post_type=product&#038;p=429"},"modified":"2021-08-31T09:15:58","modified_gmt":"2021-08-31T07:15:58","slug":"kissen-herz-und-solarplexus-4","status":"publish","type":"product","link":"https:\/\/www.chakra-kissen.de\/cms\/produkt\/kissen-herz-und-solarplexus-4\/","title":{"rendered":"Pastell-Gelb-Gr\u00fcn"},"content":{"rendered":"<p>Zuordnung: Herz- und Solarplexus-Chakra<\/p>\n<p>Der Solarplexus ist das Kraftzentrum, dem Gef\u00fchle, Tr\u00e4ume und \u00c4ngste zugeordnet werden. Das Herz-Chakra steht f\u00fcr die Entfaltung der Herzensqualit\u00e4t und somit f\u00fcr unser soziales Bewusstsein.\u00a0Die Chakren befinden sich \u00fcber unserem Kopf.<\/p>\n","protected":false},"excerpt":{"rendered":"<p>Dieses Kissen ist dem Mental-K\u00f6rper zugeordnet. Es steht f\u00fcr die Leichtigkeit des Seins. Es unterst\u00fctzt die F\u00fcrsorge f\u00fcr sich selbst und die Kraft, f\u00fcr seine Bed\u00fcrfnisse einzustehen.<\/p>\n","protected":false},"featured_media":433,"comment_status":"open","ping_status":"closed","template":"","meta":[],"product_cat":[19],"product_tag":[],"_links":{"self":[{"href":"https:\/\/www.chakra-kissen.de\/cms\/wp-json\/wp\/v2\/product\/429"}],"collection":[{"href":"https:\/\/www.chakra-kissen.de\/cms\/wp-json\/wp\/v2\/product"}],"about":[{"href":"https:\/\/www.chakra-kissen.de\/cms\/wp-json\/wp\/v2\/types\/product"}],"replies":[{"embeddable":true,"href":"https:\/\/www.chakra-kissen.de\/cms\/wp-json\/wp\/v2\/comments?post=429"}],"wp:featuredmedia":[{"embeddable":true,"href":"https:\/\/www.chakra-kissen.de\/cms\/wp-json\/wp\/v2\/media\/433"}],"wp:attachment":[{"href":"https:\/\/www.chakra-kissen.de\/cms\/wp-json\/wp\/v2\/media?parent=429"}],"wp:term":[{"taxonomy":"product_cat","embeddable":true,"href":"https:\/\/www.chakra-kissen.de\/cms\/wp-json\/wp\/v2\/product_cat?post=429"},{"taxonomy":"product_tag","embeddable":true,"href":"https:\/\/www.chakra-kissen.de\/cms\/wp-json\/wp\/v2\/product_tag?post=429"}],"curies":[{"name":"wp","href":"https:\/\/api.w.org\/{rel}","templated":true}]}}