{"id":453,"date":"2019-05-23T00:59:26","date_gmt":"2019-05-22T22:59:26","guid":{"rendered":"https:\/\/www.chakra-kissen.de\/cms\/?post_type=product&#038;p=453"},"modified":"2021-08-31T09:01:43","modified_gmt":"2021-08-31T07:01:43","slug":"lichtkissen","status":"publish","type":"product","link":"https:\/\/www.chakra-kissen.de\/cms\/produkt\/lichtkissen\/","title":{"rendered":"Lichtkissen"},"content":{"rendered":"<p>Zuordnung: Kronen-Chakra<\/p>\n<p>Das Kronen-Chakra symbolisiert das Tor des Bewusstseins. Es steht f\u00fcr die Verbindung zum G\u00f6ttlichen. Es hei\u00dft, durch dieses Chakra kann Erkenntnis im Sinne von ganzheitlichem Bewusstsein erlangt werden.<\/p>\n<p>Es unterst\u00fctzt jedoch auch alle anderen Chakren.<\/p>\n<p>&nbsp;<\/p>\n","protected":false},"excerpt":{"rendered":"<p>Dieses Kissen steht f\u00fcr Klarheit und unterst\u00fctzt die Reinigung des gesamten Energiesystems.<\/p>\n","protected":false},"featured_media":457,"comment_status":"open","ping_status":"closed","template":"","meta":[],"product_cat":[25],"product_tag":[],"_links":{"self":[{"href":"https:\/\/www.chakra-kissen.de\/cms\/wp-json\/wp\/v2\/product\/453"}],"collection":[{"href":"https:\/\/www.chakra-kissen.de\/cms\/wp-json\/wp\/v2\/product"}],"about":[{"href":"https:\/\/www.chakra-kissen.de\/cms\/wp-json\/wp\/v2\/types\/product"}],"replies":[{"embeddable":true,"href":"https:\/\/www.chakra-kissen.de\/cms\/wp-json\/wp\/v2\/comments?post=453"}],"wp:featuredmedia":[{"embeddable":true,"href":"https:\/\/www.chakra-kissen.de\/cms\/wp-json\/wp\/v2\/media\/457"}],"wp:attachment":[{"href":"https:\/\/www.chakra-kissen.de\/cms\/wp-json\/wp\/v2\/media?parent=453"}],"wp:term":[{"taxonomy":"product_cat","embeddable":true,"href":"https:\/\/www.chakra-kissen.de\/cms\/wp-json\/wp\/v2\/product_cat?post=453"},{"taxonomy":"product_tag","embeddable":true,"href":"https:\/\/www.chakra-kissen.de\/cms\/wp-json\/wp\/v2\/product_tag?post=453"}],"curies":[{"name":"wp","href":"https:\/\/api.w.org\/{rel}","templated":true}]}}